{"id":8,"date":"2025-03-11T18:55:58","date_gmt":"2025-03-11T17:55:58","guid":{"rendered":"https:\/\/tanzennrw.de\/?page_id=8"},"modified":"2026-01-25T19:57:12","modified_gmt":"2026-01-25T18:57:12","slug":"start","status":"publish","type":"page","link":"https:\/\/tanzennrw.de\/","title":{"rendered":"\u00dcber TanzenNRW"},"content":{"rendered":"\n<div class=\"wp-block-columns is-not-stacked-on-mobile is-layout-flex wp-container-core-columns-is-layout-9d6595d7 wp-block-columns-is-layout-flex\">\n<div class=\"wp-block-column is-layout-flow wp-block-column-is-layout-flow\" style=\"flex-basis:46px\">\n<figure class=\"wp-block-image size-full is-resized has-custom-border\"><a href=\"https:\/\/www.tiktok.com\/@tanzennrw\" target=\"_blank\" rel=\" noreferrer noopener\"><img loading=\"lazy\" decoding=\"async\" width=\"2048\" height=\"2048\" src=\"https:\/\/tanzennrw.de\/wp-content\/uploads\/2026\/01\/logo_tiktok.png\" alt=\"\" class=\"has-border-color has-nv-light-bg-border-color wp-image-1244\" style=\"border-width:1px;aspect-ratio:1;object-fit:cover;width:45px\" srcset=\"https:\/\/tanzennrw.de\/wp-content\/uploads\/2026\/01\/logo_tiktok.png 2048w, https:\/\/tanzennrw.de\/wp-content\/uploads\/2026\/01\/logo_tiktok-300x300.png 300w, https:\/\/tanzennrw.de\/wp-content\/uploads\/2026\/01\/logo_tiktok-1024x1024.png 1024w, https:\/\/tanzennrw.de\/wp-content\/uploads\/2026\/01\/logo_tiktok-150x150.png 150w, https:\/\/tanzennrw.de\/wp-content\/uploads\/2026\/01\/logo_tiktok-768x768.png 768w, https:\/\/tanzennrw.de\/wp-content\/uploads\/2026\/01\/logo_tiktok-1536x1536.png 1536w\" sizes=\"auto, (max-width: 2048px) 100vw, 2048px\" \/><\/a><\/figure>\n<\/div>\n\n\n\n<div class=\"wp-block-column is-layout-flow wp-block-column-is-layout-flow\" style=\"flex-basis:46px\">\n<figure class=\"wp-block-image size-full is-resized has-custom-border\"><a href=\"https:\/\/www.instagram.com\/tanzennrw\/\" target=\"_blank\" rel=\" noreferrer noopener\"><img loading=\"lazy\" decoding=\"async\" width=\"270\" height=\"270\" src=\"https:\/\/tanzennrw.de\/wp-content\/uploads\/2026\/01\/logo_Instagram.png\" alt=\"\" class=\"wp-image-1242\" style=\"border-style:none;border-width:0px;aspect-ratio:1;object-fit:cover;width:45px\" srcset=\"https:\/\/tanzennrw.de\/wp-content\/uploads\/2026\/01\/logo_Instagram.png 270w, https:\/\/tanzennrw.de\/wp-content\/uploads\/2026\/01\/logo_Instagram-150x150.png 150w\" sizes=\"auto, (max-width: 270px) 100vw, 270px\" \/><\/a><\/figure>\n<\/div>\n\n\n\n<div class=\"wp-block-column is-layout-flow wp-block-column-is-layout-flow\" style=\"flex-basis:46px\">\n<figure class=\"wp-block-image size-full is-resized has-custom-border\"><a href=\"https:\/\/www.youtube.com\/@TanzenNRW\" target=\"_blank\" rel=\" noreferrer noopener\"><img loading=\"lazy\" decoding=\"async\" width=\"1024\" height=\"1024\" src=\"https:\/\/tanzennrw.de\/wp-content\/uploads\/2026\/01\/YouTube_150x150.png\" alt=\"\" class=\"has-border-color has-nv-light-bg-border-color wp-image-1270\" style=\"border-width:1px;width:50px\" srcset=\"https:\/\/tanzennrw.de\/wp-content\/uploads\/2026\/01\/YouTube_150x150.png 1024w, https:\/\/tanzennrw.de\/wp-content\/uploads\/2026\/01\/YouTube_150x150-300x300.png 300w, https:\/\/tanzennrw.de\/wp-content\/uploads\/2026\/01\/YouTube_150x150-150x150.png 150w, https:\/\/tanzennrw.de\/wp-content\/uploads\/2026\/01\/YouTube_150x150-768x768.png 768w\" sizes=\"auto, (max-width: 1024px) 100vw, 1024px\" \/><\/a><\/figure>\n<\/div>\n<\/div>\n\n\n<div id=\"metaslider-id-31\" style=\"width: 100%;\" class=\"ml-slider-3-105-0 metaslider metaslider-flex metaslider-31 ml-slider has-dots-nav ms-theme-default-base\" role=\"region\" aria-label=\"TanzenNRW\" data-height=\"300\" data-width=\"700\">\n    <div id=\"metaslider_container_31\">\n        <div id=\"metaslider_31\">\n            <ul class='slides'>\n                <li style=\"display: block; width: 100%;\" class=\"slide-1407 ms-image \" aria-roledescription=\"slide\" data-date=\"2026-01-31 14:34:18\" data-filename=\"TanzenNRW_de_couple_005_v2-1400x600.png\" data-slide-type=\"image\"><img loading=\"lazy\" decoding=\"async\" src=\"https:\/\/tanzennrw.de\/wp-content\/uploads\/2026\/01\/TanzenNRW_de_couple_005_v2-1400x600.png\" height=\"300\" width=\"700\" alt=\"\" class=\"slider-31 slide-1407 msDefaultImage\" title=\"TanzenNRW_de_couple_005_v2\" \/><\/li>\n                <li style=\"display: none; width: 100%;\" class=\"slide-1403 ms-image \" aria-roledescription=\"slide\" data-date=\"2026-01-31 14:34:18\" data-filename=\"TanzenNRW_de_couple_004_v5-1400x600.png\" data-slide-type=\"image\"><img loading=\"lazy\" decoding=\"async\" src=\"https:\/\/tanzennrw.de\/wp-content\/uploads\/2026\/01\/TanzenNRW_de_couple_004_v5-1400x600.png\" height=\"300\" width=\"700\" alt=\"\" class=\"slider-31 slide-1403 msDefaultImage\" title=\"TanzenNRW_de_couple_004_v5\" \/><\/li>\n                <li style=\"display: none; width: 100%;\" class=\"slide-1404 ms-image \" aria-roledescription=\"slide\" data-date=\"2026-01-31 14:34:18\" data-filename=\"TanzenNRW_de_couple_003_v6-1400x600.png\" data-slide-type=\"image\"><img loading=\"lazy\" decoding=\"async\" src=\"https:\/\/tanzennrw.de\/wp-content\/uploads\/2026\/01\/TanzenNRW_de_couple_003_v6-1400x600.png\" height=\"300\" width=\"700\" alt=\"\" class=\"slider-31 slide-1404 msDefaultImage\" title=\"TanzenNRW_de_couple_003_v6\" \/><\/li>\n                <li style=\"display: none; width: 100%;\" class=\"slide-1405 ms-image \" aria-roledescription=\"slide\" data-date=\"2026-01-31 14:34:18\" data-filename=\"TanzenNRW_de_couple_002-1400x600.png\" data-slide-type=\"image\"><img loading=\"lazy\" decoding=\"async\" src=\"https:\/\/tanzennrw.de\/wp-content\/uploads\/2026\/01\/TanzenNRW_de_couple_002-1400x600.png\" height=\"300\" width=\"700\" alt=\"\" class=\"slider-31 slide-1405 msDefaultImage\" title=\"TanzenNRW_de_couple_002\" \/><\/li>\n                <li style=\"display: none; width: 100%;\" class=\"slide-1406 ms-image \" aria-roledescription=\"slide\" data-date=\"2026-01-31 14:34:18\" data-filename=\"TanzenNRW_de_couple_001_v3-1400x600.png\" data-slide-type=\"image\"><img loading=\"lazy\" decoding=\"async\" src=\"https:\/\/tanzennrw.de\/wp-content\/uploads\/2026\/01\/TanzenNRW_de_couple_001_v3-1400x600.png\" height=\"300\" width=\"700\" alt=\"\" class=\"slider-31 slide-1406 msDefaultImage\" title=\"TanzenNRW_de_couple_001_v3\" \/><\/li>\n            <\/ul>\n        <\/div>\n        \n    <\/div>\n<\/div>\n\n\n\n<p> <strong>Willkommen bei TanzenNRW.de \u2013 der Community-Plattform f\u00fcr alle, die das Tanzen im Herzen tragen.<\/strong><\/p>\n\n\n\n<p>TanzenNRW.de ist ein Ort f\u00fcr alle Menschen in Nordrhein-Westfalen, die sich f\u00fcr Tanz begeistern \u2013 unabh\u00e4ngig von Stil, Erfahrung oder Herkunft. Ob du Standard, Salsa, Hip-Hop, Kizomba, Tango, Bachata oder Volkstanz liebst: <strong>Bei uns sind alle Tanzrichtungen willkommen.<\/strong><\/p>\n\n\n\n<p>Unsere Plattform lebt von der Vielfalt der Menschen, die sie nutzen. Mit jeder Person, die sich einbringt, w\u00e4chst auch die Bandbreite der vertretenen Tanzstile. <br>So entsteht St\u00fcck f\u00fcr St\u00fcck ein lebendiges Abbild der bunten Tanzkultur in NRW.<\/p>\n\n\n\n<p><strong>Was TanzenNRW.de bietet:<\/strong><\/p>\n\n\n\n<ul class=\"wp-block-list\">\n<li>Eine Plattform f\u00fcr den Austausch zwischen Tanzbegeisterten aller Level \u2013 vom Neuling bis zur erfahrenen Tanzperson<\/li>\n\n\n\n<li>Die M\u00f6glichkeit f\u00fcr Tanzlehrende, ihre Kurse vorzustellen<\/li>\n\n\n\n<li>Eine Anlaufstelle, um Tanzpartner*innen, Tanzgruppen oder Angebote in der eigenen Stadt zu finden<\/li>\n\n\n\n<li>Einen Raum f\u00fcr alle, die ihre Leidenschaft f\u00fcr Tanz mit anderen teilen m\u00f6chten<\/li>\n<\/ul>\n\n\n\n<p><strong>TanzenNRW.de ist ein unabh\u00e4ngiges Community-Projekt.<\/strong><br>Wir verfolgen keine wirtschaftlichen Interessen, schalten keine Werbung und sind offen f\u00fcr alle. Die Plattform ist kostenlos nutzbar und steht jeder Person offen, die die Tanzkultur in NRW mitgestalten m\u00f6chte.<\/p>\n\n\n\n<p>Als Kommunikationskanal nutzen wir <strong><a href=\"https:\/\/TanzenNRW.de\/?page_id=275\">Telegram<\/a><\/strong>, weil wir hier unsere Vision technisch flexibel und gemeinschaftlich umsetzen k\u00f6nnen.<\/p>\n\n\n\n<p><strong>Gemeinsam machen wir die Tanzszene in NRW vielf\u00e4ltiger, lebendiger und besser vernetzt.<\/strong><br>Tanzen verbindet \u2013 sei dabei!<\/p>\n\n\n\n<p><\/p>\n","protected":false},"excerpt":{"rendered":"<p>Willkommen bei TanzenNRW.de \u2013 der Community-Plattform f\u00fcr alle, die das Tanzen im Herzen tragen. TanzenNRW.de ist ein Ort f\u00fcr alle Menschen in Nordrhein-Westfalen, die sich f\u00fcr Tanz begeistern \u2013 unabh\u00e4ngig von Stil, Erfahrung oder Herkunft. Ob du Standard, Salsa, Hip-Hop, Kizomba, Tango, Bachata oder Volkstanz liebst: Bei uns sind alle Tanzrichtungen willkommen. Unsere Plattform lebt&hellip;&nbsp;<a href=\"https:\/\/tanzennrw.de\/\" rel=\"bookmark\"><span class=\"screen-reader-text\">\u00dcber TanzenNRW<\/span><\/a><\/p>\n","protected":false},"author":1,"featured_media":0,"parent":0,"menu_order":0,"comment_status":"closed","ping_status":"closed","template":"","meta":{"neve_meta_sidebar":"","neve_meta_container":"","neve_meta_enable_content_width":"","neve_meta_content_width":0,"neve_meta_title_alignment":"","neve_meta_author_avatar":"","neve_post_elements_order":"","neve_meta_disable_header":"","neve_meta_disable_footer":"","neve_meta_disable_title":"","footnotes":""},"class_list":["post-8","page","type-page","status-publish","hentry"],"_links":{"self":[{"href":"https:\/\/tanzennrw.de\/index.php?rest_route=\/wp\/v2\/pages\/8","targetHints":{"allow":["GET"]}}],"collection":[{"href":"https:\/\/tanzennrw.de\/index.php?rest_route=\/wp\/v2\/pages"}],"about":[{"href":"https:\/\/tanzennrw.de\/index.php?rest_route=\/wp\/v2\/types\/page"}],"author":[{"embeddable":true,"href":"https:\/\/tanzennrw.de\/index.php?rest_route=\/wp\/v2\/users\/1"}],"replies":[{"embeddable":true,"href":"https:\/\/tanzennrw.de\/index.php?rest_route=%2Fwp%2Fv2%2Fcomments&post=8"}],"version-history":[{"count":27,"href":"https:\/\/tanzennrw.de\/index.php?rest_route=\/wp\/v2\/pages\/8\/revisions"}],"predecessor-version":[{"id":1272,"href":"https:\/\/tanzennrw.de\/index.php?rest_route=\/wp\/v2\/pages\/8\/revisions\/1272"}],"wp:attachment":[{"href":"https:\/\/tanzennrw.de\/index.php?rest_route=%2Fwp%2Fv2%2Fmedia&parent=8"}],"curies":[{"name":"wp","href":"https:\/\/api.w.org\/{rel}","templated":true}]}}