{"id":560,"date":"2025-05-14T14:11:27","date_gmt":"2025-05-14T12:11:27","guid":{"rendered":"https:\/\/tanzennrw.de\/?page_id=560"},"modified":"2026-01-31T10:58:30","modified_gmt":"2026-01-31T09:58:30","slug":"forro","status":"publish","type":"page","link":"https:\/\/tanzennrw.de\/?page_id=560","title":{"rendered":"Forr\u00f3"},"content":{"rendered":"\n<p>Forr\u00f3 (Forr\u00f3 P\u00e9 de Serra) ist ein leidenschaftlicher Musik- und Tanzstil, der tief in der Kultur des nord\u00f6stlichen Brasiliens verwurzelt ist. Entstanden aus dem Alltag und der Lebensfreude der Menschen dieser Region, hat sich Forr\u00f3 seit den 1950er-Jahren zu einem \u00fcberregionalen Ph\u00e4nomen entwickelt.<\/p>\n\n\n\n<p>Als Paartanz ist Forr\u00f3 nicht nur leicht zug\u00e4nglich, sondern auch unglaublich vielseitig. Er kann sowohl langsam und gef\u00fchlvoll als auch energiegeladen und schnell getanzt werden \u2013 und l\u00e4sst dabei viel Raum f\u00fcr eigene Ausdrucksformen. Die flie\u00dfenden Bewegungen, die enge Verbindung zwischen den Tanzenden und die eing\u00e4ngigen Melodien machen Forr\u00f3 zu einem Tanz, der Herzen ber\u00fchrt und niemanden stillstehen l\u00e4sst.<\/p>\n\n\n\n<div class=\"yt-placeholder\"\n     data-video-id=\"dXRrZsbH_84\"\n     style=\"max-width:800px; aspect-ratio:16\/9; background:#000;\n            display:flex; align-items:center; justify-content:center;\n            color:#fff; cursor:pointer;\">\n  \u25b6 Video laden (YouTube)\n<\/div>\n\n<script>\ndocument.querySelectorAll('.yt-placeholder').forEach(function (el) {\n  el.addEventListener('click', function () {\n    const videoId = this.dataset.videoId;\n    this.outerHTML = `\n      <iframe\n        src=\"https:\/\/www.youtube-nocookie.com\/embed\/${videoId}\"\n        style=\"width:100%; aspect-ratio:16\/9;\"\n        allowfullscreen>\n      <\/iframe>`;\n  });\n});\n<\/script>\n\n\n\n<p><\/p>\n\n\n\n<div class=\"yt-placeholder\"\n     data-video-id=\"FUOA0uPOx-A\"\n     style=\"max-width:800px; aspect-ratio:16\/9; background:#000;\n            display:flex; align-items:center; justify-content:center;\n            color:#fff; cursor:pointer;\">\n  \u25b6 Video laden (YouTube)\n<\/div>\n\n<script>\ndocument.querySelectorAll('.yt-placeholder').forEach(function (el) {\n  el.addEventListener('click', function () {\n    const videoId = this.dataset.videoId;\n    this.outerHTML = `\n      <iframe\n        src=\"https:\/\/www.youtube-nocookie.com\/embed\/${videoId}\"\n        style=\"width:100%; aspect-ratio:16\/9;\"\n        allowfullscreen>\n      <\/iframe>`;\n  });\n});\n<\/script>\n\n\n\n<p><\/p>\n\n\n\n<p><\/p>\n","protected":false},"excerpt":{"rendered":"<p>Forr\u00f3 (Forr\u00f3 P\u00e9 de Serra) ist ein leidenschaftlicher Musik- und Tanzstil, der tief in der Kultur des nord\u00f6stlichen Brasiliens verwurzelt ist. Entstanden aus dem Alltag und der Lebensfreude der Menschen dieser Region, hat sich Forr\u00f3 seit den 1950er-Jahren zu einem \u00fcberregionalen Ph\u00e4nomen entwickelt. Als Paartanz ist Forr\u00f3 nicht nur leicht zug\u00e4nglich, sondern auch unglaublich vielseitig.&hellip;&nbsp;<a href=\"https:\/\/tanzennrw.de\/?page_id=560\" rel=\"bookmark\"><span class=\"screen-reader-text\">Forr\u00f3<\/span><\/a><\/p>\n","protected":false},"author":1,"featured_media":0,"parent":0,"menu_order":0,"comment_status":"closed","ping_status":"closed","template":"","meta":{"neve_meta_sidebar":"","neve_meta_container":"","neve_meta_enable_content_width":"","neve_meta_content_width":0,"neve_meta_title_alignment":"","neve_meta_author_avatar":"","neve_post_elements_order":"","neve_meta_disable_header":"","neve_meta_disable_footer":"","neve_meta_disable_title":"","footnotes":""},"class_list":["post-560","page","type-page","status-publish","hentry"],"_links":{"self":[{"href":"https:\/\/tanzennrw.de\/index.php?rest_route=\/wp\/v2\/pages\/560","targetHints":{"allow":["GET"]}}],"collection":[{"href":"https:\/\/tanzennrw.de\/index.php?rest_route=\/wp\/v2\/pages"}],"about":[{"href":"https:\/\/tanzennrw.de\/index.php?rest_route=\/wp\/v2\/types\/page"}],"author":[{"embeddable":true,"href":"https:\/\/tanzennrw.de\/index.php?rest_route=\/wp\/v2\/users\/1"}],"replies":[{"embeddable":true,"href":"https:\/\/tanzennrw.de\/index.php?rest_route=%2Fwp%2Fv2%2Fcomments&post=560"}],"version-history":[{"count":7,"href":"https:\/\/tanzennrw.de\/index.php?rest_route=\/wp\/v2\/pages\/560\/revisions"}],"predecessor-version":[{"id":1381,"href":"https:\/\/tanzennrw.de\/index.php?rest_route=\/wp\/v2\/pages\/560\/revisions\/1381"}],"wp:attachment":[{"href":"https:\/\/tanzennrw.de\/index.php?rest_route=%2Fwp%2Fv2%2Fmedia&parent=560"}],"curies":[{"name":"wp","href":"https:\/\/api.w.org\/{rel}","templated":true}]}}