{"id":313,"date":"2025-04-01T22:00:25","date_gmt":"2025-04-01T20:00:25","guid":{"rendered":"https:\/\/tanzennrw.de\/?page_id=313"},"modified":"2025-04-01T22:00:26","modified_gmt":"2025-04-01T20:00:26","slug":"weitere-taenze","status":"publish","type":"page","link":"https:\/\/tanzennrw.de\/?page_id=313","title":{"rendered":"Weitere T\u00e4nze?"},"content":{"rendered":"\n<p>M\u00f6chtest du, dass wir deine T\u00e4nze auf unserer Plattform pr\u00e4sentieren? Dann schreib uns einfach eine Nachricht!<\/p>\n\n\n\n<figure class=\"wp-block-image size-full\"><img loading=\"lazy\" decoding=\"async\" width=\"160\" height=\"22\" src=\"https:\/\/tanzennrw.de\/wp-content\/uploads\/2025\/03\/email.png\" alt=\"\" class=\"wp-image-53\" srcset=\"https:\/\/tanzennrw.de\/wp-content\/uploads\/2025\/03\/email.png 160w, https:\/\/tanzennrw.de\/wp-content\/uploads\/2025\/03\/email-150x22.png 150w\" sizes=\"auto, (max-width: 160px) 100vw, 160px\" \/><\/figure>\n\n\n\n<p><\/p>\n","protected":false},"excerpt":{"rendered":"<p>M\u00f6chtest du, dass wir deine T\u00e4nze auf unserer Plattform pr\u00e4sentieren? Dann schreib uns einfach eine Nachricht!<\/p>\n","protected":false},"author":1,"featured_media":0,"parent":0,"menu_order":0,"comment_status":"closed","ping_status":"closed","template":"","meta":{"neve_meta_sidebar":"","neve_meta_container":"","neve_meta_enable_content_width":"","neve_meta_content_width":0,"neve_meta_title_alignment":"","neve_meta_author_avatar":"","neve_post_elements_order":"","neve_meta_disable_header":"","neve_meta_disable_footer":"","neve_meta_disable_title":"","footnotes":""},"class_list":["post-313","page","type-page","status-publish","hentry"],"_links":{"self":[{"href":"https:\/\/tanzennrw.de\/index.php?rest_route=\/wp\/v2\/pages\/313","targetHints":{"allow":["GET"]}}],"collection":[{"href":"https:\/\/tanzennrw.de\/index.php?rest_route=\/wp\/v2\/pages"}],"about":[{"href":"https:\/\/tanzennrw.de\/index.php?rest_route=\/wp\/v2\/types\/page"}],"author":[{"embeddable":true,"href":"https:\/\/tanzennrw.de\/index.php?rest_route=\/wp\/v2\/users\/1"}],"replies":[{"embeddable":true,"href":"https:\/\/tanzennrw.de\/index.php?rest_route=%2Fwp%2Fv2%2Fcomments&post=313"}],"version-history":[{"count":1,"href":"https:\/\/tanzennrw.de\/index.php?rest_route=\/wp\/v2\/pages\/313\/revisions"}],"predecessor-version":[{"id":314,"href":"https:\/\/tanzennrw.de\/index.php?rest_route=\/wp\/v2\/pages\/313\/revisions\/314"}],"wp:attachment":[{"href":"https:\/\/tanzennrw.de\/index.php?rest_route=%2Fwp%2Fv2%2Fmedia&parent=313"}],"curies":[{"name":"wp","href":"https:\/\/api.w.org\/{rel}","templated":true}]}}