{"id":19,"date":"2025-03-11T18:57:51","date_gmt":"2025-03-11T17:57:51","guid":{"rendered":"https:\/\/tanzennrw.de\/?page_id=19"},"modified":"2026-03-08T18:27:40","modified_gmt":"2026-03-08T17:27:40","slug":"team","status":"publish","type":"page","link":"https:\/\/tanzennrw.de\/?page_id=19","title":{"rendered":"Supporter"},"content":{"rendered":"\n<p>TanzenNRW.de lebt von Menschen, die eine gemeinsame Idee teilen: <strong>die Vision einer offenen, vielf\u00e4ltigen und unterst\u00fctzenden Tanzgemeinschaft in Nordrhein-Westfalen.<\/strong><br>Uns verbindet die \u00dcberzeugung, dass Tanzen mehr ist als Bewegung \u2013 es schafft Begegnung, Freundschaft und Verbindung. Deshalb bringen wir unsere unterschiedlichen Perspektiven, Erfahrungen und F\u00e4higkeiten ein, um diese Plattform gemeinsam zu gestalten und weiterzuentwickeln.<br>Wenn du dich mit dieser Idee verbunden f\u00fchlst und sie mitgestalten m\u00f6chtest, bist du herzlich willkommen!<\/p>\n\n\n\n<div class=\"wp-block-columns is-layout-flex wp-container-core-columns-is-layout-9d6595d7 wp-block-columns-is-layout-flex\">\n<div class=\"wp-block-column is-layout-flow wp-block-column-is-layout-flow\">\n<figure class=\"wp-block-image size-full has-custom-border\"><img loading=\"lazy\" decoding=\"async\" width=\"640\" height=\"640\" src=\"https:\/\/tanzennrw.de\/wp-content\/uploads\/2025\/09\/Aaron_Avatar_640px.jpg\" alt=\"\" class=\"wp-image-784\" style=\"border-radius:20px\" srcset=\"https:\/\/tanzennrw.de\/wp-content\/uploads\/2025\/09\/Aaron_Avatar_640px.jpg 640w, https:\/\/tanzennrw.de\/wp-content\/uploads\/2025\/09\/Aaron_Avatar_640px-300x300.jpg 300w, https:\/\/tanzennrw.de\/wp-content\/uploads\/2025\/09\/Aaron_Avatar_640px-150x150.jpg 150w\" sizes=\"auto, (max-width: 640px) 100vw, 640px\" \/><\/figure>\n\n\n\n<p class=\"has-text-align-center has-medium-font-size\"><strong>Aaron<\/strong> (<a href=\"https:\/\/aaron.de\" target=\"_blank\" rel=\"noreferrer noopener\">Homepage<\/a>)<\/p>\n<\/div>\n\n\n\n<div class=\"wp-block-column is-layout-flow wp-block-column-is-layout-flow\">\n<figure class=\"wp-block-image size-full has-custom-border\"><img loading=\"lazy\" decoding=\"async\" width=\"640\" height=\"640\" src=\"https:\/\/tanzennrw.de\/wp-content\/uploads\/2025\/04\/file.jpg\" alt=\"\" class=\"wp-image-395\" style=\"border-radius:20px\" srcset=\"https:\/\/tanzennrw.de\/wp-content\/uploads\/2025\/04\/file.jpg 640w, https:\/\/tanzennrw.de\/wp-content\/uploads\/2025\/04\/file-300x300.jpg 300w, https:\/\/tanzennrw.de\/wp-content\/uploads\/2025\/04\/file-150x150.jpg 150w\" sizes=\"auto, (max-width: 640px) 100vw, 640px\" \/><\/figure>\n\n\n\n<p class=\"has-text-align-center has-medium-font-size\"><strong>Michael <\/strong>(<a href=\"https:\/\/www.instagram.com\/salsalandtagduesseldorf\/\" target=\"_blank\" rel=\"noreferrer noopener\">Homepage<\/a>)<br><strong>Salsa, Bachata<\/strong><\/p>\n<\/div>\n\n\n\n<div class=\"wp-block-column is-layout-flow wp-block-column-is-layout-flow\">\n<figure class=\"wp-block-image size-full has-custom-border\"><img loading=\"lazy\" decoding=\"async\" width=\"509\" height=\"509\" src=\"https:\/\/tanzennrw.de\/wp-content\/uploads\/2025\/05\/fabio.png\" alt=\"\" class=\"wp-image-530\" style=\"border-radius:20px\" srcset=\"https:\/\/tanzennrw.de\/wp-content\/uploads\/2025\/05\/fabio.png 509w, https:\/\/tanzennrw.de\/wp-content\/uploads\/2025\/05\/fabio-300x300.png 300w, https:\/\/tanzennrw.de\/wp-content\/uploads\/2025\/05\/fabio-150x150.png 150w\" sizes=\"auto, (max-width: 509px) 100vw, 509px\" \/><\/figure>\n\n\n\n<p class=\"has-text-align-center has-medium-font-size\"><strong>Fabio <\/strong>(<a href=\"https:\/\/www.kizme.de\" target=\"_blank\" rel=\"noreferrer noopener\">Homepage<\/a>)<br><strong>Kizomba<\/strong><\/p>\n<\/div>\n<\/div>\n\n\n\n<div class=\"wp-block-columns is-layout-flex wp-container-core-columns-is-layout-9d6595d7 wp-block-columns-is-layout-flex\">\n<div class=\"wp-block-column is-layout-flow wp-block-column-is-layout-flow\">\n<figure class=\"wp-block-image size-full has-custom-border\"><img loading=\"lazy\" decoding=\"async\" width=\"640\" height=\"640\" src=\"https:\/\/tanzennrw.de\/wp-content\/uploads\/2025\/08\/Mariella_Dominic.jpg\" alt=\"\" class=\"wp-image-751\" style=\"border-radius:20px\" srcset=\"https:\/\/tanzennrw.de\/wp-content\/uploads\/2025\/08\/Mariella_Dominic.jpg 640w, https:\/\/tanzennrw.de\/wp-content\/uploads\/2025\/08\/Mariella_Dominic-300x300.jpg 300w, https:\/\/tanzennrw.de\/wp-content\/uploads\/2025\/08\/Mariella_Dominic-150x150.jpg 150w\" sizes=\"auto, (max-width: 640px) 100vw, 640px\" \/><\/figure>\n\n\n\n<p class=\"has-text-align-center has-medium-font-size\"><strong>Mariella &amp; Dominik<\/strong> (<a href=\"https:\/\/wcs-bochum.de\" target=\"_blank\" rel=\"noreferrer noopener\">Homepage<\/a>)<br><strong><strong><strong>West Coast Swing<\/strong><\/strong><\/strong><\/p>\n<\/div>\n\n\n\n<div class=\"wp-block-column is-layout-flow wp-block-column-is-layout-flow\">\n<figure class=\"wp-block-image size-full has-custom-border\"><img loading=\"lazy\" decoding=\"async\" width=\"640\" height=\"640\" src=\"https:\/\/tanzennrw.de\/wp-content\/uploads\/2025\/05\/Viktor.jpg\" alt=\"\" class=\"wp-image-566\" style=\"border-radius:20px\" srcset=\"https:\/\/tanzennrw.de\/wp-content\/uploads\/2025\/05\/Viktor.jpg 640w, https:\/\/tanzennrw.de\/wp-content\/uploads\/2025\/05\/Viktor-300x300.jpg 300w, https:\/\/tanzennrw.de\/wp-content\/uploads\/2025\/05\/Viktor-150x150.jpg 150w\" sizes=\"auto, (max-width: 640px) 100vw, 640px\" \/><\/figure>\n\n\n\n<p class=\"has-text-align-center has-medium-font-size\"><strong>Viktor <\/strong>(<a href=\"https:\/\/forrodecolonia.com\" target=\"_blank\" rel=\"noreferrer noopener\">Homepage<\/a>)<br><strong>Forr\u00f3 <\/strong><\/p>\n<\/div>\n\n\n\n<div class=\"wp-block-column is-layout-flow wp-block-column-is-layout-flow\">\n<figure class=\"wp-block-image size-full has-custom-border\"><img loading=\"lazy\" decoding=\"async\" width=\"640\" height=\"640\" src=\"https:\/\/tanzennrw.de\/wp-content\/uploads\/2025\/06\/Juli.jpg\" alt=\"\" class=\"wp-image-686\" style=\"border-radius:20px\" srcset=\"https:\/\/tanzennrw.de\/wp-content\/uploads\/2025\/06\/Juli.jpg 640w, https:\/\/tanzennrw.de\/wp-content\/uploads\/2025\/06\/Juli-300x300.jpg 300w, https:\/\/tanzennrw.de\/wp-content\/uploads\/2025\/06\/Juli-150x150.jpg 150w\" sizes=\"auto, (max-width: 640px) 100vw, 640px\" \/><\/figure>\n\n\n\n<p class=\"has-text-align-center has-medium-font-size\"><strong>Juli <\/strong>(<a href=\"https:\/\/generationkiz.com\" target=\"_blank\" rel=\"noreferrer noopener\">Homepage<\/a>)<br><strong>Kizomba<\/strong><\/p>\n<\/div>\n<\/div>\n\n\n\n<div class=\"wp-block-columns is-layout-flex wp-container-core-columns-is-layout-9d6595d7 wp-block-columns-is-layout-flex\">\n<div class=\"wp-block-column is-layout-flow wp-block-column-is-layout-flow\">\n<figure class=\"wp-block-image size-full has-custom-border\"><img loading=\"lazy\" decoding=\"async\" width=\"640\" height=\"640\" src=\"https:\/\/tanzennrw.de\/wp-content\/uploads\/2025\/06\/mareike_001.jpg\" alt=\"\" class=\"wp-image-628\" style=\"border-radius:20px\" srcset=\"https:\/\/tanzennrw.de\/wp-content\/uploads\/2025\/06\/mareike_001.jpg 640w, https:\/\/tanzennrw.de\/wp-content\/uploads\/2025\/06\/mareike_001-300x300.jpg 300w, https:\/\/tanzennrw.de\/wp-content\/uploads\/2025\/06\/mareike_001-150x150.jpg 150w\" sizes=\"auto, (max-width: 640px) 100vw, 640px\" \/><\/figure>\n\n\n\n<p class=\"has-text-align-center has-medium-font-size\"><strong>Mareike <\/strong>(<a href=\"https:\/\/www.tangold.de\/\" target=\"_blank\" rel=\"noreferrer noopener\">Homepage<\/a>)<br><strong>Tango <\/strong><\/p>\n<\/div>\n\n\n\n<div class=\"wp-block-column is-layout-flow wp-block-column-is-layout-flow\">\n<figure class=\"wp-block-image size-full has-custom-border\"><img loading=\"lazy\" decoding=\"async\" width=\"640\" height=\"640\" src=\"https:\/\/tanzennrw.de\/wp-content\/uploads\/2025\/06\/Svenja_Hagen.jpg\" alt=\"\" class=\"wp-image-676\" style=\"border-radius:20px\" srcset=\"https:\/\/tanzennrw.de\/wp-content\/uploads\/2025\/06\/Svenja_Hagen.jpg 640w, https:\/\/tanzennrw.de\/wp-content\/uploads\/2025\/06\/Svenja_Hagen-300x300.jpg 300w, https:\/\/tanzennrw.de\/wp-content\/uploads\/2025\/06\/Svenja_Hagen-150x150.jpg 150w\" sizes=\"auto, (max-width: 640px) 100vw, 640px\" \/><\/figure>\n\n\n\n<p class=\"has-text-align-center has-medium-font-size\"><strong>Svenja &amp; Hagen <\/strong>(<a href=\"https:\/\/www.instagram.com\/seja.hagen.genkiz\">Homepage<\/a>)<br><strong>Kizomba<\/strong><\/p>\n<\/div>\n\n\n\n<div class=\"wp-block-column is-layout-flow wp-block-column-is-layout-flow\">\n<figure class=\"wp-block-image size-full has-custom-border\"><img loading=\"lazy\" decoding=\"async\" width=\"640\" height=\"640\" src=\"https:\/\/tanzennrw.de\/wp-content\/uploads\/2025\/08\/Nariman.jpg\" alt=\"\" class=\"has-border-color has-nv-dark-bg-border-color wp-image-770\" style=\"border-width:1px;border-radius:20px\" srcset=\"https:\/\/tanzennrw.de\/wp-content\/uploads\/2025\/08\/Nariman.jpg 640w, https:\/\/tanzennrw.de\/wp-content\/uploads\/2025\/08\/Nariman-300x300.jpg 300w, https:\/\/tanzennrw.de\/wp-content\/uploads\/2025\/08\/Nariman-150x150.jpg 150w\" sizes=\"auto, (max-width: 640px) 100vw, 640px\" \/><\/figure>\n\n\n\n<p class=\"has-text-align-center has-medium-font-size\"><strong>Nariman <\/strong>(<a href=\"https:\/\/www.instagram.com\/bachata.influence_germany\" target=\"_blank\" rel=\"noreferrer noopener\">Homepage<\/a>)<br><strong>Bachata<\/strong><\/p>\n<\/div>\n<\/div>\n\n\n\n<div class=\"wp-block-columns is-layout-flex wp-container-core-columns-is-layout-9d6595d7 wp-block-columns-is-layout-flex\">\n<div class=\"wp-block-column is-layout-flow wp-block-column-is-layout-flow\">\n<figure class=\"wp-block-image size-full has-custom-border\"><img loading=\"lazy\" decoding=\"async\" width=\"640\" height=\"640\" src=\"https:\/\/tanzennrw.de\/wp-content\/uploads\/2026\/02\/Aaron_Avatar_640px.jpg\" alt=\"\" class=\"has-border-color has-nv-dark-bg-border-color wp-image-1641\" style=\"border-width:1px;border-top-left-radius:20px;border-top-right-radius:20px;border-bottom-left-radius:20px;border-bottom-right-radius:20px\" srcset=\"https:\/\/tanzennrw.de\/wp-content\/uploads\/2026\/02\/Aaron_Avatar_640px.jpg 640w, https:\/\/tanzennrw.de\/wp-content\/uploads\/2026\/02\/Aaron_Avatar_640px-300x300.jpg 300w, https:\/\/tanzennrw.de\/wp-content\/uploads\/2026\/02\/Aaron_Avatar_640px-150x150.jpg 150w\" sizes=\"auto, (max-width: 640px) 100vw, 640px\" \/><\/figure>\n\n\n\n<p class=\"has-text-align-center has-medium-font-size\"><strong>Nariman <\/strong>(<a href=\"https:\/\/www.instagram.com\/sijay1_nuri1\" target=\"_blank\" rel=\"noreferrer noopener\">Homepage<\/a>)<br><strong>Bachata<\/strong><\/p>\n<\/div>\n\n\n\n<div class=\"wp-block-column is-layout-flow wp-block-column-is-layout-flow\">\n<p class=\"has-text-align-center has-medium-font-size\"><\/p>\n\n\n\n<p class=\"has-text-align-center has-medium-font-size\"><\/p>\n<\/div>\n\n\n\n<div class=\"wp-block-column is-layout-flow wp-block-column-is-layout-flow\">\n<p class=\"has-text-align-center has-medium-font-size\"><\/p>\n<\/div>\n<\/div>\n\n\n\n<p><\/p>\n","protected":false},"excerpt":{"rendered":"<p>TanzenNRW.de lebt von Menschen, die eine gemeinsame Idee teilen: die Vision einer offenen, vielf\u00e4ltigen und unterst\u00fctzenden Tanzgemeinschaft in Nordrhein-Westfalen.Uns verbindet die \u00dcberzeugung, dass Tanzen mehr ist als Bewegung \u2013 es schafft Begegnung, Freundschaft und Verbindung. Deshalb bringen wir unsere unterschiedlichen Perspektiven, Erfahrungen und F\u00e4higkeiten ein, um diese Plattform gemeinsam zu gestalten und weiterzuentwickeln.Wenn du dich&hellip;&nbsp;<a href=\"https:\/\/tanzennrw.de\/?page_id=19\" rel=\"bookmark\"><span class=\"screen-reader-text\">Supporter<\/span><\/a><\/p>\n","protected":false},"author":1,"featured_media":0,"parent":0,"menu_order":0,"comment_status":"closed","ping_status":"closed","template":"","meta":{"neve_meta_sidebar":"","neve_meta_container":"","neve_meta_enable_content_width":"","neve_meta_content_width":0,"neve_meta_title_alignment":"","neve_meta_author_avatar":"","neve_post_elements_order":"","neve_meta_disable_header":"","neve_meta_disable_footer":"","neve_meta_disable_title":"","footnotes":""},"class_list":["post-19","page","type-page","status-publish","hentry"],"_links":{"self":[{"href":"https:\/\/tanzennrw.de\/index.php?rest_route=\/wp\/v2\/pages\/19","targetHints":{"allow":["GET"]}}],"collection":[{"href":"https:\/\/tanzennrw.de\/index.php?rest_route=\/wp\/v2\/pages"}],"about":[{"href":"https:\/\/tanzennrw.de\/index.php?rest_route=\/wp\/v2\/types\/page"}],"author":[{"embeddable":true,"href":"https:\/\/tanzennrw.de\/index.php?rest_route=\/wp\/v2\/users\/1"}],"replies":[{"embeddable":true,"href":"https:\/\/tanzennrw.de\/index.php?rest_route=%2Fwp%2Fv2%2Fcomments&post=19"}],"version-history":[{"count":60,"href":"https:\/\/tanzennrw.de\/index.php?rest_route=\/wp\/v2\/pages\/19\/revisions"}],"predecessor-version":[{"id":1682,"href":"https:\/\/tanzennrw.de\/index.php?rest_route=\/wp\/v2\/pages\/19\/revisions\/1682"}],"wp:attachment":[{"href":"https:\/\/tanzennrw.de\/index.php?rest_route=%2Fwp%2Fv2%2Fmedia&parent=19"}],"curies":[{"name":"wp","href":"https:\/\/api.w.org\/{rel}","templated":true}]}}