{"id":14,"date":"2025-03-11T18:57:18","date_gmt":"2025-03-11T17:57:18","guid":{"rendered":"https:\/\/tanzennrw.de\/?page_id=14"},"modified":"2026-01-31T11:00:31","modified_gmt":"2026-01-31T10:00:31","slug":"kizomba","status":"publish","type":"page","link":"https:\/\/tanzennrw.de\/?page_id=14","title":{"rendered":"Kizomba"},"content":{"rendered":"\n<p>In NRW wird Kizomba in verschiedenen Stilrichtungen getanzt \u2013 so kann jeder den Ausdruck finden, der am besten zu ihm passt!<\/p>\n\n\n\n<p>In den Videos seht ihr professionelle T\u00e4nzerinnen und T\u00e4nzer, die unterschiedliche Interpretationen von Kizomba zeigen. Bitte beachtet, dass Profis oft Elemente verschiedener Stile miteinander kombinieren, sodass nicht jeder Schritt eindeutig zugeordnet werden kann. Viel Spa\u00df beim Anschauen und Inspirieren lassen!<\/p>\n\n\n\n<p class=\"has-large-font-size\" id=\"kizomba-classic\"><strong><a href=\"#kizomba-classic\">Kizomba &#8222;Classic&#8220;<\/a><\/strong><\/p>\n\n\n\n<p>Klassische Kizomba ist ein sanfter und gef\u00fchlvoller Paartanz aus Angola, der durch enge Verbindung, flie\u00dfende Bewegungen und nat\u00fcrliche Schritte gekennzeichnet ist.<\/p>\n\n\n\n<div class=\"yt-placeholder\"\n     data-video-id=\"QRc0Y7_v4wM\"\n     style=\"max-width:800px; aspect-ratio:16\/9; background:#000;\n            display:flex; align-items:center; justify-content:center;\n            color:#fff; cursor:pointer;\">\n  \u25b6 Video laden (YouTube)\n<\/div>\n\n<script>\ndocument.querySelectorAll('.yt-placeholder').forEach(function (el) {\n  el.addEventListener('click', function () {\n    const videoId = this.dataset.videoId;\n    this.outerHTML = `\n      <iframe\n        src=\"https:\/\/www.youtube-nocookie.com\/embed\/${videoId}\"\n        style=\"width:100%; aspect-ratio:16\/9;\"\n        allowfullscreen>\n      <\/iframe>`;\n  });\n});\n<\/script>\n\n\n\n<p><\/p>\n\n\n\n<p class=\"has-large-font-size\" id=\"kizomba-urban-kiz\"><strong><a href=\"#kizomba-urban-kiz\">Kizomba Urban Kiz<\/a><\/strong><\/p>\n\n\n\n<p>Urban Kiz ist eine moderne Weiterentwicklung der klassischen Kizomba mit st\u00e4rkeren Einfl\u00fcssen aus Hip-Hop, Tango und elektronischer Musik. Der Tanzstil ist dynamischer, mit mehr Richtungswechseln und komplexeren Schrittfolgen.<\/p>\n\n\n\n<div class=\"yt-placeholder\"\n     data-video-id=\"b2jXNyn9I_M\"\n     style=\"max-width:800px; aspect-ratio:16\/9; background:#000;\n            display:flex; align-items:center; justify-content:center;\n            color:#fff; cursor:pointer;\">\n  \u25b6 Video laden (YouTube)\n<\/div>\n\n<script>\ndocument.querySelectorAll('.yt-placeholder').forEach(function (el) {\n  el.addEventListener('click', function () {\n    const videoId = this.dataset.videoId;\n    this.outerHTML = `\n      <iframe\n        src=\"https:\/\/www.youtube-nocookie.com\/embed\/${videoId}\"\n        style=\"width:100%; aspect-ratio:16\/9;\"\n        allowfullscreen>\n      <\/iframe>`;\n  });\n});\n<\/script>\n\n\n\n<p><\/p>\n\n\n\n<p class=\"has-large-font-size\" id=\"kizomba-tarraxinha\"><strong><a href=\"#kizomba-tarraxinha\">Kizomba Tarraxinha<\/a><\/strong><\/p>\n\n\n\n<p>Tarraxinha ist ein sinnlicher und isolationsbetonter Kizomba-Stil, bei dem der Fokus auf feinen K\u00f6rperbewegungen und rhythmischen H\u00fcftisolations liegt. Der Tanz ist meist langsamer und wird stark von der Musik beeinflusst.<\/p>\n\n\n\n<div class=\"yt-placeholder\"\n     data-video-id=\"_eT4OCXGGOE\"\n     style=\"max-width:800px; aspect-ratio:16\/9; background:#000;\n            display:flex; align-items:center; justify-content:center;\n            color:#fff; cursor:pointer;\">\n  \u25b6 Video laden (YouTube)\n<\/div>\n\n<script>\ndocument.querySelectorAll('.yt-placeholder').forEach(function (el) {\n  el.addEventListener('click', function () {\n    const videoId = this.dataset.videoId;\n    this.outerHTML = `\n      <iframe\n        src=\"https:\/\/www.youtube-nocookie.com\/embed\/${videoId}\"\n        style=\"width:100%; aspect-ratio:16\/9;\"\n        allowfullscreen>\n      <\/iframe>`;\n  });\n});\n<\/script>\n\n\n\n<p><\/p>\n\n\n\n<p class=\"has-large-font-size\" id=\"kizomba-tarraxo\"><a href=\"#kizomba-tarraxo\"><strong>Kizomba Tarraxo<\/strong><\/a><\/p>\n\n\n\n<p>Tarraxo ist ein k\u00f6rpernaher Tanzstil mit Fokus auf langsame, kontrollierte Bewegungen und pr\u00e4zise H\u00fcftisolationen. Er wird auf engem Raum getanzt und lebt von subtiler K\u00f6rperf\u00fchrung und intensiver Verbindung.<\/p>\n\n\n\n<div class=\"yt-placeholder\"\n     data-video-id=\"9aqBup3ifKk\"\n     style=\"max-width:800px; aspect-ratio:16\/9; background:#000;\n            display:flex; align-items:center; justify-content:center;\n            color:#fff; cursor:pointer;\">\n  \u25b6 Video laden (YouTube)\n<\/div>\n\n<script>\ndocument.querySelectorAll('.yt-placeholder').forEach(function (el) {\n  el.addEventListener('click', function () {\n    const videoId = this.dataset.videoId;\n    this.outerHTML = `\n      <iframe\n        src=\"https:\/\/www.youtube-nocookie.com\/embed\/${videoId}\"\n        style=\"width:100%; aspect-ratio:16\/9;\"\n        allowfullscreen>\n      <\/iframe>`;\n  });\n});\n<\/script>\n\n\n\n<p><\/p>\n","protected":false},"excerpt":{"rendered":"<p>In NRW wird Kizomba in verschiedenen Stilrichtungen getanzt \u2013 so kann jeder den Ausdruck finden, der am besten zu ihm passt! In den Videos seht ihr professionelle T\u00e4nzerinnen und T\u00e4nzer, die unterschiedliche Interpretationen von Kizomba zeigen. Bitte beachtet, dass Profis oft Elemente verschiedener Stile miteinander kombinieren, sodass nicht jeder Schritt eindeutig zugeordnet werden kann. Viel&hellip;&nbsp;<a href=\"https:\/\/tanzennrw.de\/?page_id=14\" rel=\"bookmark\"><span class=\"screen-reader-text\">Kizomba<\/span><\/a><\/p>\n","protected":false},"author":1,"featured_media":0,"parent":0,"menu_order":0,"comment_status":"closed","ping_status":"closed","template":"","meta":{"neve_meta_sidebar":"","neve_meta_container":"","neve_meta_enable_content_width":"","neve_meta_content_width":0,"neve_meta_title_alignment":"","neve_meta_author_avatar":"","neve_post_elements_order":"","neve_meta_disable_header":"","neve_meta_disable_footer":"","neve_meta_disable_title":"","footnotes":""},"class_list":["post-14","page","type-page","status-publish","hentry"],"_links":{"self":[{"href":"https:\/\/tanzennrw.de\/index.php?rest_route=\/wp\/v2\/pages\/14","targetHints":{"allow":["GET"]}}],"collection":[{"href":"https:\/\/tanzennrw.de\/index.php?rest_route=\/wp\/v2\/pages"}],"about":[{"href":"https:\/\/tanzennrw.de\/index.php?rest_route=\/wp\/v2\/types\/page"}],"author":[{"embeddable":true,"href":"https:\/\/tanzennrw.de\/index.php?rest_route=\/wp\/v2\/users\/1"}],"replies":[{"embeddable":true,"href":"https:\/\/tanzennrw.de\/index.php?rest_route=%2Fwp%2Fv2%2Fcomments&post=14"}],"version-history":[{"count":23,"href":"https:\/\/tanzennrw.de\/index.php?rest_route=\/wp\/v2\/pages\/14\/revisions"}],"predecessor-version":[{"id":1383,"href":"https:\/\/tanzennrw.de\/index.php?rest_route=\/wp\/v2\/pages\/14\/revisions\/1383"}],"wp:attachment":[{"href":"https:\/\/tanzennrw.de\/index.php?rest_route=%2Fwp%2Fv2%2Fmedia&parent=14"}],"curies":[{"name":"wp","href":"https:\/\/api.w.org\/{rel}","templated":true}]}}